{"id":441,"date":"2024-01-12T10:24:40","date_gmt":"2024-01-12T09:24:40","guid":{"rendered":"http:\/\/der-kraken.com\/?page_id=441"},"modified":"2025-10-10T07:17:45","modified_gmt":"2025-10-10T05:17:45","slug":"impressum","status":"publish","type":"page","link":"https:\/\/www.der-kraken.de\/index.php\/impressum\/","title":{"rendered":"Impressum"},"content":{"rendered":"\t\t<div data-elementor-type=\"wp-page\" data-elementor-id=\"441\" class=\"elementor elementor-441\" data-elementor-post-type=\"page\">\n\t\t\t\t<div class=\"elementor-element elementor-element-408e156d e-flex e-con-boxed e-con e-parent\" data-id=\"408e156d\" data-element_type=\"container\">\n\t\t\t\t\t<div class=\"e-con-inner\">\n\t\t<div class=\"elementor-element elementor-element-35845b99 e-con-full e-flex e-con e-child\" data-id=\"35845b99\" data-element_type=\"container\">\n\t\t\t\t<div class=\"elementor-element elementor-element-6a63584b elementor-widget elementor-widget-image\" data-id=\"6a63584b\" data-element_type=\"widget\" data-widget_type=\"image.default\">\n\t\t\t\t<div class=\"elementor-widget-container\">\n\t\t\t\t\t\t\t\t\t\t\t\t\t\t\t\t<a href=\"https:\/\/www.der-kraken.de\">\n\t\t\t\t\t\t\t<img decoding=\"async\" src=\"https:\/\/www.der-kraken.de\/wp-content\/uploads\/elementor\/thumbs\/logo_left-scaled-qi72nh3zky49qxcsl937ys3q5ovwsm3m0iyqqp33oq.jpg\" title=\"Druck\" alt=\"Druck\" loading=\"lazy\" \/>\t\t\t\t\t\t\t\t<\/a>\n\t\t\t\t\t\t\t\t\t\t\t\t\t\t\t<\/div>\n\t\t\t\t<\/div>\n\t\t\t\t<\/div>\n\t\t<div class=\"elementor-element elementor-element-3bd60f0d e-con-full e-flex e-con e-child\" data-id=\"3bd60f0d\" data-element_type=\"container\">\n\t\t\t\t<div class=\"elementor-element elementor-element-56c7bda3 elementor-widget elementor-widget-text-editor\" data-id=\"56c7bda3\" data-element_type=\"widget\" data-widget_type=\"text-editor.default\">\n\t\t\t\t<div class=\"elementor-widget-container\">\n\t\t\t\t\t\t\t\t\t<p><div id=\"mega-menu-wrap-max_mega_menu_1\" class=\"mega-menu-wrap\"><div class=\"mega-menu-toggle\"><div class=\"mega-toggle-blocks-left\"><div class='mega-toggle-block mega-menu-toggle-animated-block mega-toggle-block-1' id='mega-toggle-block-1'><button aria-label=\"Toggle Menu\" class=\"mega-toggle-animated mega-toggle-animated-slider\" type=\"button\" aria-expanded=\"false\">\n                  <span class=\"mega-toggle-animated-box\">\n                    <span class=\"mega-toggle-animated-inner\"><\/span>\n                  <\/span>\n                <\/button><\/div><\/div><div class=\"mega-toggle-blocks-center\"><\/div><div class=\"mega-toggle-blocks-right\"><\/div><\/div><ul id=\"mega-menu-max_mega_menu_1\" class=\"mega-menu max-mega-menu mega-menu-horizontal mega-no-js\" data-event=\"hover_intent\" data-effect=\"fade_up\" data-effect-speed=\"200\" data-effect-mobile=\"disabled\" data-effect-speed-mobile=\"0\" data-mobile-force-width=\"false\" data-second-click=\"go\" data-document-click=\"collapse\" data-vertical-behaviour=\"standard\" data-breakpoint=\"768\" data-unbind=\"true\" data-mobile-state=\"collapse_all\" data-mobile-direction=\"vertical\" data-hover-intent-timeout=\"300\" data-hover-intent-interval=\"100\"><li class=\"mega-menu-item mega-menu-item-type-post_type mega-menu-item-object-page mega-menu-item-home mega-align-bottom-left mega-menu-flyout mega-menu-item-66\" id=\"mega-menu-item-66\"><a class=\"mega-menu-link\" href=\"https:\/\/www.der-kraken.de\/\" tabindex=\"0\">Start<\/a><\/li><li class=\"mega-menu-item mega-menu-item-type-post_type mega-menu-item-object-page mega-align-bottom-left mega-menu-flyout mega-menu-item-208\" id=\"mega-menu-item-208\"><a class=\"mega-menu-link\" href=\"https:\/\/www.der-kraken.de\/index.php\/agentur\/\" tabindex=\"0\">Agentur<\/a><\/li><li class=\"mega-menu-item mega-menu-item-type-post_type mega-menu-item-object-page mega-align-bottom-left mega-menu-flyout mega-menu-item-333\" id=\"mega-menu-item-333\"><a class=\"mega-menu-link\" href=\"https:\/\/www.der-kraken.de\/index.php\/kunden\/\" tabindex=\"0\">Kunden<\/a><\/li><li class=\"mega-menu-item mega-menu-item-type-post_type mega-menu-item-object-page mega-align-bottom-left mega-menu-flyout mega-menu-item-390\" id=\"mega-menu-item-390\"><a class=\"mega-menu-link\" href=\"https:\/\/www.der-kraken.de\/index.php\/arbeiten\/\" tabindex=\"0\">Arbeiten<\/a><\/li><li class=\"mega-menu-item mega-menu-item-type-post_type mega-menu-item-object-page mega-align-bottom-left mega-menu-flyout mega-menu-item-402\" id=\"mega-menu-item-402\"><a class=\"mega-menu-link\" href=\"https:\/\/www.der-kraken.de\/index.php\/kontakt\/\" tabindex=\"0\">Kontakt<\/a><\/li><\/ul><\/div><\/p>\t\t\t\t\t\t\t\t<\/div>\n\t\t\t\t<\/div>\n\t\t\t\t<\/div>\n\t\t\t\t\t<\/div>\n\t\t\t\t<\/div>\n\t\t<div class=\"elementor-element elementor-element-a4457ab e-flex e-con-boxed e-con e-parent\" data-id=\"a4457ab\" data-element_type=\"container\">\n\t\t\t\t\t<div class=\"e-con-inner\">\n\t\t\t\t<div class=\"elementor-element elementor-element-1f84d302 elementor-widget elementor-widget-text-editor\" data-id=\"1f84d302\" data-element_type=\"widget\" data-widget_type=\"text-editor.default\">\n\t\t\t\t<div class=\"elementor-widget-container\">\n\t\t\t\t\t\t\t\t\t<div><div class=\"wrapper\"><div id=\"primary-content\"><div class=\"item-page\"><div><p><span style=\"color: #000000;\"><strong>Der Kraken GmbH<\/strong><br \/><\/span><span style=\"color: #000000;\">Schwanenwall 12<\/span><br \/><span style=\"color: #000000;\">44135 Dortmund<br \/><\/span><span id=\"cloaka8d501f6ce14a605720ff1ae2b5c7b23\" style=\"color: #000000;\"><a style=\"color: #000000;\" href=\"mailto:elektropost@der-kraken.de\">elektropost@der-kraken.de<\/a><\/span><\/p><p><span style=\"color: #000000;\"><strong>Vertretungsberechtigte Gesch\u00e4ftsf\u00fchrer<\/strong><br \/><\/span><span style=\"color: #000000;\">Daniel Rockhoff<br \/><\/span><span style=\"color: #000000;\">Beate Poggel (ppa.)<\/span><\/p><p><span style=\"color: #000000;\"><strong>Registergericht<\/strong><br \/><\/span><span style=\"color: #000000;\">Amtsgericht Dortmund<br \/><\/span><span style=\"color: #000000;\">Registernummer: HRB 26196<\/span><\/p><p><span style=\"color: #000000;\"><strong>USt-ID<\/strong><br \/><\/span><span style=\"color: #000000;\">Umsatzsteuer-Identifikationsnummer gem\u00e4\u00df \u00a7 27a Umsatzsteuergesetz: DE292792408<\/span><\/p><p><span style=\"color: #000000;\"><strong>Externe Links<\/strong><br \/><\/span><span style=\"color: #000000;\">Trotz sorgf\u00e4ltiger inhaltlicher Kontrolle \u00fcbernehmen wir keine Haftung f\u00fcr die Inhalte externer Links.<br \/><\/span><span style=\"color: #000000;\">F\u00fcr den Inhalt der verlinkten Seiten sind ausschlie\u00dflich deren Betreiber verantwortlich.<br \/><\/span><span style=\"color: #000000;\">Alle Bilder auf dieser Seite unterliegen, soweit nicht anders vermerkt, dem Urheberrecht.<\/span><\/p><p><strong><span style=\"color: #000000;\">Haftungs\u00adausschluss (Disclaimer)<\/span><\/strong><\/p><p><strong><span style=\"color: #000000;\">Haftung f\u00fcr Inhalte<\/span><\/strong><\/p><p><span style=\"color: #000000;\">Als Diensteanbieter sind wir gem\u00e4\u00df \u00a7 7 Abs.1 TMG f\u00fcr eigene Inhalte auf diesen Seiten nach den allgemeinen Gesetzen verantwortlich. Nach \u00a7\u00a7 8 bis 10 TMG sind wir als Diensteanbieter jedoch nicht verpflichtet, \u00fcbermittelte oder gespeicherte fremde Informationen zu \u00fcberwachen oder nach Umst\u00e4nden zu forschen, die auf eine rechtswidrige T\u00e4tigkeit hinweisen. Verpflichtungen zur Entfernung oder Sperrung der Nutzung von Informationen nach den allgemeinen Gesetzen bleiben hiervon unber\u00fchrt. Eine diesbez\u00fcgliche Haftung ist jedoch erst ab dem Zeitpunkt der Kenntnis einer konkreten Rechtsverletzung m\u00f6glich. Bei Bekanntwerden von entsprechenden Rechtsverletzungen werden wir diese Inhalte umgehend entfernen.<\/span><\/p><p><strong><span style=\"color: #000000;\">Haftung f\u00fcr Links<\/span><\/strong><\/p><p><span style=\"color: #000000;\">Unser Angebot enth\u00e4lt Links zu externen Webseiten Dritter, auf deren Inhalte wir keinen Einfluss haben. Deshalb k\u00f6nnen wir f\u00fcr diese fremden Inhalte auch keine Gew\u00e4hr \u00fcbernehmen. F\u00fcr die Inhalte der verlinkten Seiten ist stets der jeweilige Anbieter oder Betreiber der Seiten verantwortlich. Die verlinkten Seiten wurden zum Zeitpunkt der Verlinkung auf m\u00f6gliche Rechtsverst\u00f6\u00dfe \u00fcberpr\u00fcft. Rechtswidrige Inhalte waren zum Zeitpunkt der Verlinkung nicht erkennbar. Eine permanente inhaltliche Kontrolle der verlinkten Seiten ist jedoch ohne konkrete Anhaltspunkte einer Rechtsverletzung nicht zumutbar. Bei Bekanntwerden von Rechtsverletzungen werden wir derartige Links umgehend entfernen.<\/span><\/p><p><strong><span style=\"color: #000000;\">Urheberrecht<\/span><\/strong><\/p><p><span style=\"color: #000000;\">Die durch die Seitenbetreiber erstellten Inhalte und Werke auf diesen Seiten unterliegen dem deutschen Urheberrecht. Die Vervielf\u00e4ltigung, Bearbeitung, Verbreitung und jede Art der Verwertung au\u00dferhalb der Grenzen des Urheberrechtes bed\u00fcrfen der schriftlichen Zustimmung des jeweiligen Autors bzw. Erstellers. Downloads und Kopien dieser Seite sind nur f\u00fcr den privaten, nicht kommerziellen Gebrauch gestattet. Soweit die Inhalte auf dieser Seite nicht vom Betreiber erstellt wurden, werden die Urheberrechte Dritter beachtet. Insbesondere werden Inhalte Dritter als solche gekennzeichnet. Sollten Sie trotzdem auf eine Urheberrechtsverletzung aufmerksam werden, bitten wir um einen entsprechenden Hinweis. Bei Bekanntwerden von Rechtsverletzungen werden wir derartige Inhalte umgehend entfernen.<\/span><\/p><p><strong><span style=\"color: #000000;\">Auskunft, L\u00f6schung, Sperrung<\/span><\/strong><\/p><p><span style=\"color: #000000;\">Sie haben jederzeit das Recht auf unentgeltliche Auskunft \u00fcber Ihre gespeicherten personenbezogenen Daten, deren Herkunft und Empf\u00e4nger und den Zweck der Datenverarbeitung sowie ein Recht auf Berichtigung, Sperrung oder L\u00f6schung dieser Daten. Hierzu sowie zu weiteren Fragen zum Thema personenbezogene Daten k\u00f6nnen Sie sich jederzeit \u00fcber die im Impressum angegebene Adresse des Webseitenbetreibers an uns wenden.<\/span><\/p><p><strong><span style=\"color: #000000;\">Datenschutz<\/span><\/strong><\/p><p><span style=\"color: #000000;\">Die Nutzung unserer Webseite ist in der Regel ohne Angabe personenbezogener Daten m\u00f6glich. Soweit auf unseren Seiten personenbezogene Daten (beispielsweise Name, Anschrift oder eMail-Adressen) erhoben werden, erfolgt dies, soweit m\u00f6glich, stets auf freiwilliger Basis. Diese Daten werden ohne Ihre ausdr\u00fcckliche Zustimmung nicht an Dritte weitergegeben. Wir weisen darauf hin, dass die Daten\u00fcbertragung im Internet (z.B. bei der Kommunikation per E-Mail) Sicherheitsl\u00fccken aufweisen kann. Ein l\u00fcckenloser Schutz der Daten vor dem Zugriff durch Dritte ist nicht m\u00f6glich. Der Nutzung von im Rahmen der Impressumspflicht ver\u00f6ffentlichten Kontaktdaten durch Dritte zur \u00dcbersendung von nicht ausdr\u00fccklich angeforderter Werbung und Informationsmaterialien wird hiermit ausdr\u00fccklich widersprochen. Die Betreiber der Seiten behalten sich ausdr\u00fccklich rechtliche Schritte im Falle der unverlangten Zusendung von Werbeinformationen, etwa durch Spam-Mails, vor.<\/span><\/p><\/div><\/div><\/div><\/div><div class=\"wrapper\"><p id=\"footer\">\u00a0<\/p><\/div><\/div>\t\t\t\t\t\t\t\t<\/div>\n\t\t\t\t<\/div>\n\t\t\t\t\t<\/div>\n\t\t\t\t<\/div>\n\t\t<div class=\"elementor-element elementor-element-13a7e40 e-flex e-con-boxed e-con e-parent\" data-id=\"13a7e40\" data-element_type=\"container\">\n\t\t\t\t\t<div class=\"e-con-inner\">\n\t\t<div class=\"elementor-element elementor-element-2bcb98c9 e-con-full e-flex e-con e-child\" data-id=\"2bcb98c9\" data-element_type=\"container\">\n\t\t\t\t<div class=\"elementor-element elementor-element-6fb48787 elementor-widget elementor-widget-text-editor\" data-id=\"6fb48787\" data-element_type=\"widget\" data-widget_type=\"text-editor.default\">\n\t\t\t\t<div class=\"elementor-widget-container\">\n\t\t\t\t\t\t\t\t\t<p><span style=\"color: #000000; font-size: 14pt;\">Schwanenwall 12<\/span><br \/><span style=\"color: #000000; font-size: 14pt;\">44135 Dortmund<\/span><br \/><span style=\"color: #000000; font-size: 14pt;\">Deutschland<\/span><\/p>\t\t\t\t\t\t\t\t<\/div>\n\t\t\t\t<\/div>\n\t\t\t\t<\/div>\n\t\t<div class=\"elementor-element elementor-element-12c54fd1 e-con-full e-flex e-con e-child\" data-id=\"12c54fd1\" data-element_type=\"container\">\n\t\t\t\t<div class=\"elementor-element elementor-element-d5ee4dd elementor-widget__width-initial elementor-widget elementor-widget-text-editor\" data-id=\"d5ee4dd\" data-element_type=\"widget\" data-widget_type=\"text-editor.default\">\n\t\t\t\t<div class=\"elementor-widget-container\">\n\t\t\t\t\t\t\t\t\t<p><span style=\"color: #000000; font-size: 14pt;\"><br \/><\/span><span style=\"color: #000000; font-size: 14pt;\">+49 (0)231 1775540 0<br \/><\/span><span style=\"color: #000000; font-size: 14pt;\">elektropost@der-kraken.de <\/span><\/p>\t\t\t\t\t\t\t\t<\/div>\n\t\t\t\t<\/div>\n\t\t\t\t<\/div>\n\t\t<div class=\"elementor-element elementor-element-731e3ab3 e-con-full e-flex e-con e-child\" data-id=\"731e3ab3\" data-element_type=\"container\">\n\t\t\t\t<div class=\"elementor-element elementor-element-7f94fc4a elementor-widget__width-initial elementor-widget elementor-widget-text-editor\" data-id=\"7f94fc4a\" data-element_type=\"widget\" data-widget_type=\"text-editor.default\">\n\t\t\t\t<div class=\"elementor-widget-container\">\n\t\t\t\t\t\t\t\t\t<p><span style=\"color: #000000; font-size: 14pt;\"><a href=\"http:\/\/der-kraken.de\/index.php\/impressum\/\">Impressum<\/a> <br \/><\/span><span style=\"color: #000000; font-size: 14pt;\"><a href=\"http:\/\/der-kraken.de\/index.php\/agb\/\">AGB<\/a><br \/><\/span><a href=\"http:\/\/der-kraken.de\/index.php\/datenschutzerklaerung\/\"><span style=\"color: #000000; font-size: 14pt;\">Datenschutzerkl\u00e4rung<\/span><\/a><\/p>\t\t\t\t\t\t\t\t<\/div>\n\t\t\t\t<\/div>\n\t\t\t\t<\/div>\n\t\t\t\t\t<\/div>\n\t\t\t\t<\/div>\n\t\t\t\t<\/div>\n\t\t","protected":false},"excerpt":{"rendered":"<p>Der Kraken GmbHSchwanenwall 1244135 Dortmundelektropost@der-kraken.de Vertretungsberechtigte Gesch\u00e4ftsf\u00fchrerDaniel RockhoffBeate Poggel (ppa.) RegistergerichtAmtsgericht DortmundRegisternummer: HRB 26196 USt-IDUmsatzsteuer-Identifikationsnummer gem\u00e4\u00df \u00a7 27a Umsatzsteuergesetz: DE292792408 Externe LinksTrotz sorgf\u00e4ltiger inhaltlicher Kontrolle \u00fcbernehmen wir keine Haftung f\u00fcr die Inhalte externer Links.F\u00fcr den Inhalt der verlinkten Seiten sind ausschlie\u00dflich deren Betreiber verantwortlich.Alle Bilder auf dieser Seite unterliegen, soweit nicht anders vermerkt, dem Urheberrecht.&hellip;<\/p>\n","protected":false},"author":2,"featured_media":0,"parent":0,"menu_order":0,"comment_status":"closed","ping_status":"open","template":"","meta":{"footnotes":""},"class_list":["post-441","page","type-page","status-publish","hentry"],"yoast_head":"<!-- This site is optimized with the Yoast SEO plugin v26.1.1 - https:\/\/yoast.com\/wordpress\/plugins\/seo\/ -->\n<title>Impressum - Der Kraken GmbH<\/title>\n<meta name=\"robots\" content=\"index, follow, max-snippet:-1, max-image-preview:large, max-video-preview:-1\" \/>\n<link rel=\"canonical\" href=\"https:\/\/www.der-kraken.de\/index.php\/impressum\/\" \/>\n<meta property=\"og:locale\" content=\"de_DE\" \/>\n<meta property=\"og:type\" content=\"article\" \/>\n<meta property=\"og:title\" content=\"Impressum - Der Kraken GmbH\" \/>\n<meta property=\"og:description\" content=\"Der Kraken GmbHSchwanenwall 1244135 Dortmundelektropost@der-kraken.de Vertretungsberechtigte Gesch\u00e4ftsf\u00fchrerDaniel RockhoffBeate Poggel (ppa.) RegistergerichtAmtsgericht DortmundRegisternummer: HRB 26196 USt-IDUmsatzsteuer-Identifikationsnummer gem\u00e4\u00df \u00a7 27a Umsatzsteuergesetz: DE292792408 Externe LinksTrotz sorgf\u00e4ltiger inhaltlicher Kontrolle \u00fcbernehmen wir keine Haftung f\u00fcr die Inhalte externer Links.F\u00fcr den Inhalt der verlinkten Seiten sind ausschlie\u00dflich deren Betreiber verantwortlich.Alle Bilder auf dieser Seite unterliegen, soweit nicht anders vermerkt, dem Urheberrecht.&hellip;\" \/>\n<meta property=\"og:url\" content=\"https:\/\/www.der-kraken.de\/index.php\/impressum\/\" \/>\n<meta property=\"og:site_name\" content=\"Der Kraken GmbH\" \/>\n<meta property=\"article:modified_time\" content=\"2025-10-10T05:17:45+00:00\" \/>\n<meta property=\"og:image\" content=\"https:\/\/www.der-kraken.de\/wp-content\/uploads\/elementor\/thumbs\/logo_left-scaled-qi72nh3zky49qxcsl937ys3q5ovwsm3m0iyqqp33p0.jpg\" \/>\n<meta name=\"twitter:card\" content=\"summary_large_image\" \/>\n<meta name=\"twitter:label1\" content=\"Gesch\u00e4tzte Lesezeit\" \/>\n\t<meta name=\"twitter:data1\" content=\"4\u00a0Minuten\" \/>\n<script type=\"application\/ld+json\" class=\"yoast-schema-graph\">{\"@context\":\"https:\/\/schema.org\",\"@graph\":[{\"@type\":\"WebPage\",\"@id\":\"https:\/\/www.der-kraken.de\/index.php\/impressum\/\",\"url\":\"https:\/\/www.der-kraken.de\/index.php\/impressum\/\",\"name\":\"Impressum - Der Kraken GmbH\",\"isPartOf\":{\"@id\":\"https:\/\/www.der-kraken.de\/#website\"},\"primaryImageOfPage\":{\"@id\":\"https:\/\/www.der-kraken.de\/index.php\/impressum\/#primaryimage\"},\"image\":{\"@id\":\"https:\/\/www.der-kraken.de\/index.php\/impressum\/#primaryimage\"},\"thumbnailUrl\":\"https:\/\/www.der-kraken.de\/wp-content\/uploads\/elementor\/thumbs\/logo_left-scaled-qi72nh3zky49qxcsl937ys3q5ovwsm3m0iyqqp33p0.jpg\",\"datePublished\":\"2024-01-12T09:24:40+00:00\",\"dateModified\":\"2025-10-10T05:17:45+00:00\",\"breadcrumb\":{\"@id\":\"https:\/\/www.der-kraken.de\/index.php\/impressum\/#breadcrumb\"},\"inLanguage\":\"de\",\"potentialAction\":[{\"@type\":\"ReadAction\",\"target\":[\"https:\/\/www.der-kraken.de\/index.php\/impressum\/\"]}]},{\"@type\":\"ImageObject\",\"inLanguage\":\"de\",\"@id\":\"https:\/\/www.der-kraken.de\/index.php\/impressum\/#primaryimage\",\"url\":\"https:\/\/www.der-kraken.de\/wp-content\/uploads\/elementor\/thumbs\/logo_left-scaled-qi72nh3zky49qxcsl937ys3q5ovwsm3m0iyqqp33p0.jpg\",\"contentUrl\":\"https:\/\/www.der-kraken.de\/wp-content\/uploads\/elementor\/thumbs\/logo_left-scaled-qi72nh3zky49qxcsl937ys3q5ovwsm3m0iyqqp33p0.jpg\"},{\"@type\":\"BreadcrumbList\",\"@id\":\"https:\/\/www.der-kraken.de\/index.php\/impressum\/#breadcrumb\",\"itemListElement\":[{\"@type\":\"ListItem\",\"position\":1,\"name\":\"Startseite\",\"item\":\"https:\/\/www.der-kraken.de\/\"},{\"@type\":\"ListItem\",\"position\":2,\"name\":\"Impressum\"}]},{\"@type\":\"WebSite\",\"@id\":\"https:\/\/www.der-kraken.de\/#website\",\"url\":\"https:\/\/www.der-kraken.de\/\",\"name\":\"Der Kraken GmbH\",\"description\":\"Der Kraken GmbH ist eine Werbeagentur f\u00fcr Design und Kommunikation.\",\"potentialAction\":[{\"@type\":\"SearchAction\",\"target\":{\"@type\":\"EntryPoint\",\"urlTemplate\":\"https:\/\/www.der-kraken.de\/?s={search_term_string}\"},\"query-input\":{\"@type\":\"PropertyValueSpecification\",\"valueRequired\":true,\"valueName\":\"search_term_string\"}}],\"inLanguage\":\"de\"}]}<\/script>\n<!-- \/ Yoast SEO plugin. -->","yoast_head_json":{"title":"Impressum - Der Kraken GmbH","robots":{"index":"index","follow":"follow","max-snippet":"max-snippet:-1","max-image-preview":"max-image-preview:large","max-video-preview":"max-video-preview:-1"},"canonical":"https:\/\/www.der-kraken.de\/index.php\/impressum\/","og_locale":"de_DE","og_type":"article","og_title":"Impressum - Der Kraken GmbH","og_description":"Der Kraken GmbHSchwanenwall 1244135 Dortmundelektropost@der-kraken.de Vertretungsberechtigte Gesch\u00e4ftsf\u00fchrerDaniel RockhoffBeate Poggel (ppa.) RegistergerichtAmtsgericht DortmundRegisternummer: HRB 26196 USt-IDUmsatzsteuer-Identifikationsnummer gem\u00e4\u00df \u00a7 27a Umsatzsteuergesetz: DE292792408 Externe LinksTrotz sorgf\u00e4ltiger inhaltlicher Kontrolle \u00fcbernehmen wir keine Haftung f\u00fcr die Inhalte externer Links.F\u00fcr den Inhalt der verlinkten Seiten sind ausschlie\u00dflich deren Betreiber verantwortlich.Alle Bilder auf dieser Seite unterliegen, soweit nicht anders vermerkt, dem Urheberrecht.&hellip;","og_url":"https:\/\/www.der-kraken.de\/index.php\/impressum\/","og_site_name":"Der Kraken GmbH","article_modified_time":"2025-10-10T05:17:45+00:00","og_image":[{"url":"https:\/\/www.der-kraken.de\/wp-content\/uploads\/elementor\/thumbs\/logo_left-scaled-qi72nh3zky49qxcsl937ys3q5ovwsm3m0iyqqp33p0.jpg","type":"","width":"","height":""}],"twitter_card":"summary_large_image","twitter_misc":{"Gesch\u00e4tzte Lesezeit":"4\u00a0Minuten"},"schema":{"@context":"https:\/\/schema.org","@graph":[{"@type":"WebPage","@id":"https:\/\/www.der-kraken.de\/index.php\/impressum\/","url":"https:\/\/www.der-kraken.de\/index.php\/impressum\/","name":"Impressum - Der Kraken GmbH","isPartOf":{"@id":"https:\/\/www.der-kraken.de\/#website"},"primaryImageOfPage":{"@id":"https:\/\/www.der-kraken.de\/index.php\/impressum\/#primaryimage"},"image":{"@id":"https:\/\/www.der-kraken.de\/index.php\/impressum\/#primaryimage"},"thumbnailUrl":"https:\/\/www.der-kraken.de\/wp-content\/uploads\/elementor\/thumbs\/logo_left-scaled-qi72nh3zky49qxcsl937ys3q5ovwsm3m0iyqqp33p0.jpg","datePublished":"2024-01-12T09:24:40+00:00","dateModified":"2025-10-10T05:17:45+00:00","breadcrumb":{"@id":"https:\/\/www.der-kraken.de\/index.php\/impressum\/#breadcrumb"},"inLanguage":"de","potentialAction":[{"@type":"ReadAction","target":["https:\/\/www.der-kraken.de\/index.php\/impressum\/"]}]},{"@type":"ImageObject","inLanguage":"de","@id":"https:\/\/www.der-kraken.de\/index.php\/impressum\/#primaryimage","url":"https:\/\/www.der-kraken.de\/wp-content\/uploads\/elementor\/thumbs\/logo_left-scaled-qi72nh3zky49qxcsl937ys3q5ovwsm3m0iyqqp33p0.jpg","contentUrl":"https:\/\/www.der-kraken.de\/wp-content\/uploads\/elementor\/thumbs\/logo_left-scaled-qi72nh3zky49qxcsl937ys3q5ovwsm3m0iyqqp33p0.jpg"},{"@type":"BreadcrumbList","@id":"https:\/\/www.der-kraken.de\/index.php\/impressum\/#breadcrumb","itemListElement":[{"@type":"ListItem","position":1,"name":"Startseite","item":"https:\/\/www.der-kraken.de\/"},{"@type":"ListItem","position":2,"name":"Impressum"}]},{"@type":"WebSite","@id":"https:\/\/www.der-kraken.de\/#website","url":"https:\/\/www.der-kraken.de\/","name":"Der Kraken GmbH","description":"Der Kraken GmbH ist eine Werbeagentur f\u00fcr Design und Kommunikation.","potentialAction":[{"@type":"SearchAction","target":{"@type":"EntryPoint","urlTemplate":"https:\/\/www.der-kraken.de\/?s={search_term_string}"},"query-input":{"@type":"PropertyValueSpecification","valueRequired":true,"valueName":"search_term_string"}}],"inLanguage":"de"}]}},"_links":{"self":[{"href":"https:\/\/www.der-kraken.de\/index.php\/wp-json\/wp\/v2\/pages\/441","targetHints":{"allow":["GET"]}}],"collection":[{"href":"https:\/\/www.der-kraken.de\/index.php\/wp-json\/wp\/v2\/pages"}],"about":[{"href":"https:\/\/www.der-kraken.de\/index.php\/wp-json\/wp\/v2\/types\/page"}],"author":[{"embeddable":true,"href":"https:\/\/www.der-kraken.de\/index.php\/wp-json\/wp\/v2\/users\/2"}],"replies":[{"embeddable":true,"href":"https:\/\/www.der-kraken.de\/index.php\/wp-json\/wp\/v2\/comments?post=441"}],"version-history":[{"count":16,"href":"https:\/\/www.der-kraken.de\/index.php\/wp-json\/wp\/v2\/pages\/441\/revisions"}],"predecessor-version":[{"id":803,"href":"https:\/\/www.der-kraken.de\/index.php\/wp-json\/wp\/v2\/pages\/441\/revisions\/803"}],"wp:attachment":[{"href":"https:\/\/www.der-kraken.de\/index.php\/wp-json\/wp\/v2\/media?parent=441"}],"curies":[{"name":"wp","href":"https:\/\/api.w.org\/{rel}","templated":true}]}}