{"id":435,"date":"2024-01-12T10:22:44","date_gmt":"2024-01-12T09:22:44","guid":{"rendered":"http:\/\/der-kraken.com\/?page_id=435"},"modified":"2024-01-12T10:56:20","modified_gmt":"2024-01-12T09:56:20","slug":"agb","status":"publish","type":"page","link":"https:\/\/www.der-kraken.de\/index.php\/agb\/","title":{"rendered":"AGB"},"content":{"rendered":"\t\t<div data-elementor-type=\"wp-page\" data-elementor-id=\"435\" class=\"elementor elementor-435\" data-elementor-post-type=\"page\">\n\t\t\t\t<div class=\"elementor-element elementor-element-d590950 e-flex e-con-boxed e-con e-parent\" data-id=\"d590950\" data-element_type=\"container\">\n\t\t\t\t\t<div class=\"e-con-inner\">\n\t\t<div class=\"elementor-element elementor-element-42cd231 e-con-full e-flex e-con e-child\" data-id=\"42cd231\" data-element_type=\"container\">\n\t\t\t\t<div class=\"elementor-element elementor-element-4adf09f9 elementor-widget elementor-widget-image\" data-id=\"4adf09f9\" data-element_type=\"widget\" data-widget_type=\"image.default\">\n\t\t\t\t<div class=\"elementor-widget-container\">\n\t\t\t\t\t\t\t\t\t\t\t\t\t\t\t\t<a href=\"https:\/\/www.der-kraken.de\">\n\t\t\t\t\t\t\t<img decoding=\"async\" src=\"https:\/\/www.der-kraken.de\/wp-content\/uploads\/elementor\/thumbs\/logo_left-scaled-qi72nh3zky49qxcsl937ys3q5ovwsm3m0iyqqp33oq.jpg\" title=\"Druck\" alt=\"Druck\" loading=\"lazy\" \/>\t\t\t\t\t\t\t\t<\/a>\n\t\t\t\t\t\t\t\t\t\t\t\t\t\t\t<\/div>\n\t\t\t\t<\/div>\n\t\t\t\t<\/div>\n\t\t<div class=\"elementor-element elementor-element-7879c3b8 e-con-full e-flex e-con e-child\" data-id=\"7879c3b8\" data-element_type=\"container\">\n\t\t\t\t<div class=\"elementor-element elementor-element-2af11f elementor-widget elementor-widget-text-editor\" data-id=\"2af11f\" data-element_type=\"widget\" data-widget_type=\"text-editor.default\">\n\t\t\t\t<div class=\"elementor-widget-container\">\n\t\t\t\t\t\t\t\t\t<p><div id=\"mega-menu-wrap-max_mega_menu_1\" class=\"mega-menu-wrap\"><div class=\"mega-menu-toggle\"><div class=\"mega-toggle-blocks-left\"><div class='mega-toggle-block mega-menu-toggle-animated-block mega-toggle-block-1' id='mega-toggle-block-1'><button aria-label=\"Toggle Menu\" class=\"mega-toggle-animated mega-toggle-animated-slider\" type=\"button\" aria-expanded=\"false\">\n                  <span class=\"mega-toggle-animated-box\">\n                    <span class=\"mega-toggle-animated-inner\"><\/span>\n                  <\/span>\n                <\/button><\/div><\/div><div class=\"mega-toggle-blocks-center\"><\/div><div class=\"mega-toggle-blocks-right\"><\/div><\/div><ul id=\"mega-menu-max_mega_menu_1\" class=\"mega-menu max-mega-menu mega-menu-horizontal mega-no-js\" data-event=\"hover_intent\" data-effect=\"fade_up\" data-effect-speed=\"200\" data-effect-mobile=\"disabled\" data-effect-speed-mobile=\"0\" data-mobile-force-width=\"false\" data-second-click=\"go\" data-document-click=\"collapse\" data-vertical-behaviour=\"standard\" data-breakpoint=\"768\" data-unbind=\"true\" data-mobile-state=\"collapse_all\" data-mobile-direction=\"vertical\" data-hover-intent-timeout=\"300\" data-hover-intent-interval=\"100\"><li class=\"mega-menu-item mega-menu-item-type-post_type mega-menu-item-object-page mega-menu-item-home mega-align-bottom-left mega-menu-flyout mega-menu-item-66\" id=\"mega-menu-item-66\"><a class=\"mega-menu-link\" href=\"https:\/\/www.der-kraken.de\/\" tabindex=\"0\">Start<\/a><\/li><li class=\"mega-menu-item mega-menu-item-type-post_type mega-menu-item-object-page mega-align-bottom-left mega-menu-flyout mega-menu-item-208\" id=\"mega-menu-item-208\"><a class=\"mega-menu-link\" href=\"https:\/\/www.der-kraken.de\/index.php\/agentur\/\" tabindex=\"0\">Agentur<\/a><\/li><li class=\"mega-menu-item mega-menu-item-type-post_type mega-menu-item-object-page mega-align-bottom-left mega-menu-flyout mega-menu-item-333\" id=\"mega-menu-item-333\"><a class=\"mega-menu-link\" href=\"https:\/\/www.der-kraken.de\/index.php\/kunden\/\" tabindex=\"0\">Kunden<\/a><\/li><li class=\"mega-menu-item mega-menu-item-type-post_type mega-menu-item-object-page mega-align-bottom-left mega-menu-flyout mega-menu-item-390\" id=\"mega-menu-item-390\"><a class=\"mega-menu-link\" href=\"https:\/\/www.der-kraken.de\/index.php\/arbeiten\/\" tabindex=\"0\">Arbeiten<\/a><\/li><li class=\"mega-menu-item mega-menu-item-type-post_type mega-menu-item-object-page mega-align-bottom-left mega-menu-flyout mega-menu-item-402\" id=\"mega-menu-item-402\"><a class=\"mega-menu-link\" href=\"https:\/\/www.der-kraken.de\/index.php\/kontakt\/\" tabindex=\"0\">Kontakt<\/a><\/li><\/ul><\/div><\/p>\t\t\t\t\t\t\t\t<\/div>\n\t\t\t\t<\/div>\n\t\t\t\t<\/div>\n\t\t\t\t\t<\/div>\n\t\t\t\t<\/div>\n\t\t<div class=\"elementor-element elementor-element-a4457ab e-flex e-con-boxed e-con e-parent\" data-id=\"a4457ab\" data-element_type=\"container\">\n\t\t\t\t\t<div class=\"e-con-inner\">\n\t\t\t\t<div class=\"elementor-element elementor-element-1f84d302 elementor-widget elementor-widget-text-editor\" data-id=\"1f84d302\" data-element_type=\"widget\" data-widget_type=\"text-editor.default\">\n\t\t\t\t<div class=\"elementor-widget-container\">\n\t\t\t\t\t\t\t\t\t<div><div class=\"wrapper\"><div id=\"primary-content\"><div class=\"item-page\"><div><h2><span style=\"color: #000000;\">AGB<\/span><\/h2><p><span style=\"color: #000000;\">Diese Allgemeinen Gesch\u00e4fts\u00adbedingungen gelten f\u00fcr alle zwischen der Kraken GmbH und dem Auftraggeber abgeschlossenen Vertr\u00e4ge. Die Gesch\u00e4ftsbedingungen sind vereinbart, wenn der Auftraggeber ihnen nicht unverz\u00fcglich nach dem Zugang widerspricht.<\/span><\/p><h3><span style=\"color: #000000;\">Preise<\/span><\/h3><p><span style=\"color: #000000;\">Alle vereinbarten Preise gelten als Nettopreise ab Firma bzw. ab Lieferpartner. Alle Preise werden in Euro angegeben und gelten ohne Verpackung, Versand und Versicherung. Werden wir mit Verpackung, Versand und Versicherung beauftragt, werden diese Kosten dem Besteller in Rechnung gestellt. F\u00fcr den Fall der Versendung von Ware in Drittl\u00e4nder gehen alle Z\u00f6lle, Steuern und andere \u00f6ffentlichen Abgaben zu Lasten des Bestellers.<\/span><\/p><h3><span style=\"color: #000000;\">Lieferfrist, Lieferung<\/span><\/h3><p><span style=\"color: #000000;\">Die best\u00e4tigte Lieferzeit ist unverbindlich, au\u00dfer es ist ein Fixtermin vereinbart. Schadenersatzanspr\u00fcche wegen \u00dcberschreitung der Lieferfrist sind ausgeschlossen. F\u00fcr den Fall des Annahmeverzuges des Bestellers geht die Gefahr auf den Besteller bereits mit der Erkl\u00e4rung der Lieferbereitschaft durch uns \u00fcber. Soweit Teilleistungen nicht ausdr\u00fccklich schriftlich ausgeschlossen sind, sind sie jederzeit zul\u00e4ssig. Die Versandart wird von uns bestimmt, soweit nicht schriftlich anderes vereinbart ist. Betriebsst\u00f6rungen, F\u00e4lle h\u00f6herer Gewalt, gleichg\u00fcltig ob sie bei uns oder unseren Zulieferern eintreten, entbinden uns von der Lieferverpflichtung oder von der Einhaltung der vereinbarten Lieferfristen. Wir sind berechtigt, nach Behebung der St\u00f6rung nachzuliefern.<\/span><\/p><h3><span style=\"color: #000000;\">Gew\u00e4hrleistung, Garantie, Schadenersatz<\/span><\/h3><p><span style=\"color: #000000;\">Den Besteller trifft die sofortige \u00dcberpr\u00fcfungs- und R\u00fcgepflicht. R\u00fcgen bed\u00fcrfen zu ihrer Rechtswirksamkeit der Schriftform. Eine R\u00fcge ist rechtzeitig, falls sie binnen 2 Tagen nach \u00dcbergabe bzw. Eintritt des Mangels schriftlich bei uns erhoben wird. Der Besteller ist nicht berechtigt, die Gesamtlieferung zu beanstanden, wenn nur Teile der Lieferung M\u00e4ngel aufweisen. Wir sind berechtigt, die beanstandeten St\u00fccke nachzuliefern oder auszutauschen. Unsere Gew\u00e4hrleistung beschr\u00e4nkt sich auf Nachtrag des Fehlenden und Verbesserung. Dar\u00fcber hinausgehende Gew\u00e4hrleistungsanspr\u00fcche sind ausgeschlossen. F\u00fcr den Fall, dass berechtigterweise Gew\u00e4hrleistungsanspr\u00fcche geltend gemacht wurden, hat der Besteller die beanstandete Ware auf eigene Kosten und eigene Gefahr an uns zu senden. Nach M\u00e4ngelbehebung wird die Ware auf Kosten und Gefahr des Bestellers an den Besteller zur\u00fcckgesendet. \u00dcber die gesetzliche Gew\u00e4hrleistung hinaus leisten wir nur in Einzelf\u00e4llen schriftliche Garantie. M\u00fcndliche Garantiezusagen sind ausgeschlossen. F\u00fcr den Fall, dass der Produzent Garantie leistet, treten wir dem Besteller die uns gegen\u00fcber dem Produzenten zustehenden Garantieanspr\u00fcche ab. Die Gew\u00e4hrleistung erlischt, wenn der Kaufgegenstand von fremder Seite \u00fcberarbeitet\/ver\u00e4ndert wurde. Der Besteller ist nicht berechtigt, Anspr\u00fcche aus dem Titel der Gew\u00e4hrleistung abzutreten. Schadenersatzanspr\u00fcche aus welchem Titel immer, insbesondere auch Mangelfolgeschadenersatzanspr\u00fcche sind ausdr\u00fccklich ausgeschlossen.<\/span><\/p><h3><span style=\"color: #000000;\">Zahlung, Eigentumsvorbehalt<\/span><\/h3><p><span style=\"color: #000000;\">Unsere Rechnungen sind, wenn nichts anderes vereinbart ist, binnen 14Tagen ab Rechnungsdatum zur Zahlung ohne Abzug f\u00e4llig. Im Falle von Mahnungen werden Mahngeb\u00fchren in der H\u00f6he von 15,00 Euro verrechnet. Die Erhebung von M\u00e4ngelr\u00fcgen berechtigt den Besteller nicht zur R\u00fcckhaltung von Zahlungen. Bis zur vollst\u00e4ndigen Bezahlung des Kaufpreises oder bis zum Ausgleich aller sonstigen aus der Gesch\u00e4ftsbeziehung bestehenden Forderungen bleibt die Ware unser Eigentum. Domain-Mieten werden j\u00e4hrlich verrechnet &#8211; mit der Bezahlung einer Domain-Jahrsmiete gelten unsere allgemeinen Gesch\u00e4ftsbedingungen als akzeptiert.<\/span><\/p><h3><span style=\"color: #000000;\">Urheberrecht<\/span><\/h3><p><span style=\"color: #000000;\">Das Urheberrecht an Grafiken, Fotos, Layouts, Reinzeichnungen, Headlines, Claims, Texten, Homepages und von uns registrierten Domains steht ausschlie\u00dflich uns zu &#8211; entsprechende Unterlagen (insbesonders Produktionsdaten) d\u00fcrfen Dritten ohne schriftlicher Genehmigung auch zur (Weiter)Bearbeitung nicht zug\u00e4nglich gemacht werden (Copyright). Die Entw\u00fcrfe und Reinzeichnungen d\u00fcrfen ohne ausdr\u00fcckliche Einwilligung von uns weder im Original noch bei der Reproduktion ver\u00e4ndert werden. Jede vollst\u00e4ndige oder teilweise Nachahmung ist unzul\u00e4ssig. An Entw\u00fcrfen und Reinzeichnungen werden nur Nutzungsrechte einger\u00e4umt, nicht jedoch Eigentumsrechte \u00fcbertragen. Die Originale sind der Kraken GmbH sp\u00e4testens drei Monate nach Lieferung unbesch\u00e4digt zur\u00fcckzugeben, falls nicht etwas anderes schriftlich vereinbart wurde. Bei Besch\u00e4digung oder Verlust der Entw\u00fcrfe oder Reinzeichnungen hat der Auftraggeber die Kosten zu ersetzen, die zur Wiederherstellung notwendig sind. Die Geltendmachung eines weitergehenden Schadens bleibt unber\u00fchrt.<\/span><\/p><h3><span style=\"color: #000000;\">Umfang und Lieferverpflichtung<\/span><\/h3><p><span style=\"color: #000000;\">Alle unsere Angebote sind freibleibend. Unsere Auftragsbest\u00e4tigung gilt auch f\u00fcr den Fall, dass sie vom Auftrag des Bestellers abweicht als vereinbart, wenn ihr der Besteller nicht binnen 12 Stunden ab Erhalt unserer Auftragsbest\u00e4tigung schriftlich widerspricht. \u00c4nderungen des Auftrages durch den Besteller haben nur dann Wirksamkeit, wenn sie von uns schriftlich best\u00e4tigt werden. Farbdefinitionen sind nur dann verbindlich, wenn sie dem von uns geforderten System entsprechen. Mit der Druckfreigabe \u00fcbernimmt der Auftraggeber auch die Haftung f\u00fcr die Einhaltung aller marken-, urheber- und wettbewerbsrechtlichen Bestimmungen\/Richtlinien. Eine \u00dcberpr\u00fcfung unsererseits muss nicht vorgenommen werden.<\/span><\/p><h3><span style=\"color: #000000;\">Miete, K\u00fcndigung<\/span><\/h3><p><span style=\"color: #000000;\">K\u00fcndigungsfrist f\u00fcr Domains (und die damit verbundenen Internetdienste) ist grunds\u00e4tzlich ein Jahr. Jeweils im Dezember eines laufenden Jahres muss das Folgejahr schriftlich gek\u00fcndigt werden, weil sich der Mietvertrag sonst automatisch um ein weiteres Jahr verl\u00e4ngert. Wird im Dezember nicht schriftlich gek\u00fcndigt, verl\u00e4ngert sich der Mietvertrag immer wieder automatisch um ein weiteres Jahr. Zusatzleistungen wie Mailboxen, Webspace, Homepages, Updates etc &#8230; sind nicht Bestandteil einer Domain-Miete und bed\u00fcrfen einer eigenen, schriftlichen Vereinbarung. Wenn Domain und Internetdienste nicht unsachgem\u00e4\u00df oder sittenwidrig genutzt werden und kein Zahlungsr\u00fcckstand von mehr als drei Monaten besteht, verzichtet der Kraken GmbH ausdr\u00fccklich auf die K\u00fcndigung von Domain-Mietvertr\u00e4gen. Anderenfalls beh\u00e4lt sich der Kraken GmbH die Deaktivierung der Domain und aller damit verbundenen Internetdienste vor und der Anspruch des Mieters auf die Domain erlischt. In diesem Fall werden alle aushaftenden Vertragsgeb\u00fchren bis zur rechtswirksamen K\u00fcndigung sofort f\u00e4llig.<\/span><\/p><p><span style=\"color: #000000;\">Herausgabe von Daten<\/span><\/p><p><span style=\"color: #000000;\">Der Kraken GmbH ist nicht verpflichtet, Datentr\u00e4ger, Dateien und Daten herauszugeben. W\u00fcnscht der Auftraggeber, dass der Kraken GmbH ihm Datentr\u00e4ger, Dateien und Daten zur Verf\u00fcgung stellt, ist dies schriftlich zu vereinbaren und gesondert zu verg\u00fcten. Hat der Kraken GmbH dem Auftraggeber Datentr\u00e4ger, Dateien und Daten zur Verf\u00fcgung gestellt, d\u00fcrfen diese nur mit Einwilligung von der Kraken GmbH ver\u00e4ndert werden. Gefahr und Kosten des Transports von Datentr\u00e4gern, Dateien und Daten online und offline tr\u00e4gt der Auftraggeber. Wir haften au\u00dfer bei Vorsatz und grober Fahrl\u00e4ssigkeit nicht f\u00fcr M\u00e4ngel an Datentr\u00e4gern, Dateien und Daten. Die Haftung von der Kraken GmbH ist ausgeschlossen bei Fehlern an Datentr\u00e4gern, Dateien und Daten, die beim Datenimport auf das System des Auftraggebers entstehen.<\/span><\/p><p><span style=\"color: #000000;\">Korrektur, Produktions\u00ad\u00fcberwachung<\/span><\/p><p><span style=\"color: #000000;\">Der Auftraggeber bekommt vor Produktion ein Korrekturmuster welches auf Richtigkeit zu \u00fcberpr\u00fcfen ist. F\u00fcr Satz- und Bildfehler \u00fcbernehmen wir keine Haftung.<\/span><\/p><h3><span style=\"color: #000000;\">Schlussbestimmung<\/span><\/h3><p><span style=\"color: #000000;\">F\u00fcr den Fall, dass der Auftraggeber keinen allgemeinen Gerichtsstand in der Bundesrepublik Deutschland hat oder seinen Sitz oder gew\u00f6hnlichen Aufenthalt nach Vertragsabschluss ins Ausland verlegt, wird der Sitz von der Kraken GmbH als Gerichtsstand vereinbart. Ist eine der vorstehenden Gesch\u00e4ftsbedingungen unwirksam, so ber\u00fchrt dies die Wirksamkeit der \u00fcbrigen Gesch\u00e4ftsbedingungen nicht.<\/span><\/p><\/div><\/div><\/div><\/div><div class=\"wrapper\"><p id=\"footer\">\u00a0<\/p><\/div><\/div>\t\t\t\t\t\t\t\t<\/div>\n\t\t\t\t<\/div>\n\t\t\t\t\t<\/div>\n\t\t\t\t<\/div>\n\t\t<div class=\"elementor-element elementor-element-64b47d3d e-flex e-con-boxed e-con e-parent\" data-id=\"64b47d3d\" data-element_type=\"container\">\n\t\t\t\t\t<div class=\"e-con-inner\">\n\t\t<div class=\"elementor-element elementor-element-88d2e4d e-con-full e-flex e-con e-child\" data-id=\"88d2e4d\" data-element_type=\"container\">\n\t\t\t\t<div class=\"elementor-element elementor-element-650391f elementor-widget elementor-widget-text-editor\" data-id=\"650391f\" data-element_type=\"widget\" data-widget_type=\"text-editor.default\">\n\t\t\t\t<div class=\"elementor-widget-container\">\n\t\t\t\t\t\t\t\t\t<p><span style=\"color: #000000; font-size: 14pt;\">Schwanenwall 12<\/span><br \/><span style=\"color: #000000; font-size: 14pt;\">44135 Dortmund<\/span><br \/><span style=\"color: #000000; font-size: 14pt;\">Deutschland<\/span><\/p>\t\t\t\t\t\t\t\t<\/div>\n\t\t\t\t<\/div>\n\t\t\t\t<\/div>\n\t\t<div class=\"elementor-element elementor-element-29bb3fc7 e-con-full e-flex e-con e-child\" data-id=\"29bb3fc7\" data-element_type=\"container\">\n\t\t\t\t<div class=\"elementor-element elementor-element-6fcbe1ae elementor-widget__width-initial elementor-widget elementor-widget-text-editor\" data-id=\"6fcbe1ae\" data-element_type=\"widget\" data-widget_type=\"text-editor.default\">\n\t\t\t\t<div class=\"elementor-widget-container\">\n\t\t\t\t\t\t\t\t\t<p><span style=\"color: #000000; font-size: 14pt;\"><br \/><\/span><span style=\"color: #000000; font-size: 14pt;\">+49 (0)231 1775540 0<br \/><\/span><span style=\"color: #000000; font-size: 14pt;\">elektropost@der-kraken.de <\/span><\/p>\t\t\t\t\t\t\t\t<\/div>\n\t\t\t\t<\/div>\n\t\t\t\t<\/div>\n\t\t<div class=\"elementor-element elementor-element-2020f2ef e-con-full e-flex e-con e-child\" data-id=\"2020f2ef\" data-element_type=\"container\">\n\t\t\t\t<div class=\"elementor-element elementor-element-2ff14258 elementor-widget__width-initial elementor-widget elementor-widget-text-editor\" data-id=\"2ff14258\" data-element_type=\"widget\" data-widget_type=\"text-editor.default\">\n\t\t\t\t<div class=\"elementor-widget-container\">\n\t\t\t\t\t\t\t\t\t<p><span style=\"color: #000000; font-size: 14pt;\"><a href=\"http:\/\/der-kraken.de\/index.php\/impressum\/\">Impressum<\/a> <br \/><\/span><span style=\"color: #000000; font-size: 14pt;\"><a href=\"http:\/\/der-kraken.de\/index.php\/agb\/\">AGB<\/a><br \/><\/span><a href=\"http:\/\/der-kraken.de\/index.php\/datenschutzerklaerung\/\"><span style=\"color: #000000; font-size: 14pt;\">Datenschutzerkl\u00e4rung<\/span><\/a><\/p>\t\t\t\t\t\t\t\t<\/div>\n\t\t\t\t<\/div>\n\t\t\t\t<\/div>\n\t\t\t\t\t<\/div>\n\t\t\t\t<\/div>\n\t\t\t\t<\/div>\n\t\t","protected":false},"excerpt":{"rendered":"<p>AGB Diese Allgemeinen Gesch\u00e4fts\u00adbedingungen gelten f\u00fcr alle zwischen der Kraken GmbH und dem Auftraggeber abgeschlossenen Vertr\u00e4ge. Die Gesch\u00e4ftsbedingungen sind vereinbart, wenn der Auftraggeber ihnen nicht unverz\u00fcglich nach dem Zugang widerspricht. Preise Alle vereinbarten Preise gelten als Nettopreise ab Firma bzw. ab Lieferpartner. Alle Preise werden in Euro angegeben und gelten ohne Verpackung, Versand und Versicherung.&hellip;<\/p>\n","protected":false},"author":2,"featured_media":0,"parent":0,"menu_order":0,"comment_status":"closed","ping_status":"open","template":"","meta":{"footnotes":""},"class_list":["post-435","page","type-page","status-publish","hentry"],"yoast_head":"<!-- This site is optimized with the Yoast SEO plugin v26.1.1 - https:\/\/yoast.com\/wordpress\/plugins\/seo\/ -->\n<title>AGB - Der Kraken GmbH<\/title>\n<meta name=\"robots\" content=\"index, follow, max-snippet:-1, max-image-preview:large, max-video-preview:-1\" \/>\n<link rel=\"canonical\" href=\"https:\/\/www.der-kraken.de\/index.php\/agb\/\" \/>\n<meta property=\"og:locale\" content=\"de_DE\" \/>\n<meta property=\"og:type\" content=\"article\" \/>\n<meta property=\"og:title\" content=\"AGB - Der Kraken GmbH\" \/>\n<meta property=\"og:description\" content=\"AGB Diese Allgemeinen Gesch\u00e4fts\u00adbedingungen gelten f\u00fcr alle zwischen der Kraken GmbH und dem Auftraggeber abgeschlossenen Vertr\u00e4ge. Die Gesch\u00e4ftsbedingungen sind vereinbart, wenn der Auftraggeber ihnen nicht unverz\u00fcglich nach dem Zugang widerspricht. Preise Alle vereinbarten Preise gelten als Nettopreise ab Firma bzw. ab Lieferpartner. Alle Preise werden in Euro angegeben und gelten ohne Verpackung, Versand und Versicherung.&hellip;\" \/>\n<meta property=\"og:url\" content=\"https:\/\/www.der-kraken.de\/index.php\/agb\/\" \/>\n<meta property=\"og:site_name\" content=\"Der Kraken GmbH\" \/>\n<meta property=\"article:modified_time\" content=\"2024-01-12T09:56:20+00:00\" \/>\n<meta property=\"og:image\" content=\"http:\/\/der-kraken.de\/wp-content\/uploads\/elementor\/thumbs\/logo_left-scaled-qi72nh3zky49qxcsl937ys3q5ovwsm3m0iyqqp33p0.jpg\" \/>\n<meta name=\"twitter:card\" content=\"summary_large_image\" \/>\n<meta name=\"twitter:label1\" content=\"Gesch\u00e4tzte Lesezeit\" \/>\n\t<meta name=\"twitter:data1\" content=\"6\u00a0Minuten\" \/>\n<script type=\"application\/ld+json\" class=\"yoast-schema-graph\">{\"@context\":\"https:\/\/schema.org\",\"@graph\":[{\"@type\":\"WebPage\",\"@id\":\"https:\/\/www.der-kraken.de\/index.php\/agb\/\",\"url\":\"https:\/\/www.der-kraken.de\/index.php\/agb\/\",\"name\":\"AGB - Der Kraken GmbH\",\"isPartOf\":{\"@id\":\"https:\/\/www.der-kraken.de\/#website\"},\"primaryImageOfPage\":{\"@id\":\"https:\/\/www.der-kraken.de\/index.php\/agb\/#primaryimage\"},\"image\":{\"@id\":\"https:\/\/www.der-kraken.de\/index.php\/agb\/#primaryimage\"},\"thumbnailUrl\":\"http:\/\/der-kraken.de\/wp-content\/uploads\/elementor\/thumbs\/logo_left-scaled-qi72nh3zky49qxcsl937ys3q5ovwsm3m0iyqqp33p0.jpg\",\"datePublished\":\"2024-01-12T09:22:44+00:00\",\"dateModified\":\"2024-01-12T09:56:20+00:00\",\"breadcrumb\":{\"@id\":\"https:\/\/www.der-kraken.de\/index.php\/agb\/#breadcrumb\"},\"inLanguage\":\"de\",\"potentialAction\":[{\"@type\":\"ReadAction\",\"target\":[\"https:\/\/www.der-kraken.de\/index.php\/agb\/\"]}]},{\"@type\":\"ImageObject\",\"inLanguage\":\"de\",\"@id\":\"https:\/\/www.der-kraken.de\/index.php\/agb\/#primaryimage\",\"url\":\"http:\/\/der-kraken.de\/wp-content\/uploads\/elementor\/thumbs\/logo_left-scaled-qi72nh3zky49qxcsl937ys3q5ovwsm3m0iyqqp33p0.jpg\",\"contentUrl\":\"http:\/\/der-kraken.de\/wp-content\/uploads\/elementor\/thumbs\/logo_left-scaled-qi72nh3zky49qxcsl937ys3q5ovwsm3m0iyqqp33p0.jpg\"},{\"@type\":\"BreadcrumbList\",\"@id\":\"https:\/\/www.der-kraken.de\/index.php\/agb\/#breadcrumb\",\"itemListElement\":[{\"@type\":\"ListItem\",\"position\":1,\"name\":\"Startseite\",\"item\":\"https:\/\/www.der-kraken.de\/\"},{\"@type\":\"ListItem\",\"position\":2,\"name\":\"AGB\"}]},{\"@type\":\"WebSite\",\"@id\":\"https:\/\/www.der-kraken.de\/#website\",\"url\":\"https:\/\/www.der-kraken.de\/\",\"name\":\"Der Kraken GmbH\",\"description\":\"Der Kraken GmbH ist eine Werbeagentur f\u00fcr Design und Kommunikation.\",\"potentialAction\":[{\"@type\":\"SearchAction\",\"target\":{\"@type\":\"EntryPoint\",\"urlTemplate\":\"https:\/\/www.der-kraken.de\/?s={search_term_string}\"},\"query-input\":{\"@type\":\"PropertyValueSpecification\",\"valueRequired\":true,\"valueName\":\"search_term_string\"}}],\"inLanguage\":\"de\"}]}<\/script>\n<!-- \/ Yoast SEO plugin. -->","yoast_head_json":{"title":"AGB - Der Kraken GmbH","robots":{"index":"index","follow":"follow","max-snippet":"max-snippet:-1","max-image-preview":"max-image-preview:large","max-video-preview":"max-video-preview:-1"},"canonical":"https:\/\/www.der-kraken.de\/index.php\/agb\/","og_locale":"de_DE","og_type":"article","og_title":"AGB - Der Kraken GmbH","og_description":"AGB Diese Allgemeinen Gesch\u00e4fts\u00adbedingungen gelten f\u00fcr alle zwischen der Kraken GmbH und dem Auftraggeber abgeschlossenen Vertr\u00e4ge. Die Gesch\u00e4ftsbedingungen sind vereinbart, wenn der Auftraggeber ihnen nicht unverz\u00fcglich nach dem Zugang widerspricht. Preise Alle vereinbarten Preise gelten als Nettopreise ab Firma bzw. ab Lieferpartner. Alle Preise werden in Euro angegeben und gelten ohne Verpackung, Versand und Versicherung.&hellip;","og_url":"https:\/\/www.der-kraken.de\/index.php\/agb\/","og_site_name":"Der Kraken GmbH","article_modified_time":"2024-01-12T09:56:20+00:00","og_image":[{"url":"http:\/\/der-kraken.de\/wp-content\/uploads\/elementor\/thumbs\/logo_left-scaled-qi72nh3zky49qxcsl937ys3q5ovwsm3m0iyqqp33p0.jpg","type":"","width":"","height":""}],"twitter_card":"summary_large_image","twitter_misc":{"Gesch\u00e4tzte Lesezeit":"6\u00a0Minuten"},"schema":{"@context":"https:\/\/schema.org","@graph":[{"@type":"WebPage","@id":"https:\/\/www.der-kraken.de\/index.php\/agb\/","url":"https:\/\/www.der-kraken.de\/index.php\/agb\/","name":"AGB - Der Kraken GmbH","isPartOf":{"@id":"https:\/\/www.der-kraken.de\/#website"},"primaryImageOfPage":{"@id":"https:\/\/www.der-kraken.de\/index.php\/agb\/#primaryimage"},"image":{"@id":"https:\/\/www.der-kraken.de\/index.php\/agb\/#primaryimage"},"thumbnailUrl":"http:\/\/der-kraken.de\/wp-content\/uploads\/elementor\/thumbs\/logo_left-scaled-qi72nh3zky49qxcsl937ys3q5ovwsm3m0iyqqp33p0.jpg","datePublished":"2024-01-12T09:22:44+00:00","dateModified":"2024-01-12T09:56:20+00:00","breadcrumb":{"@id":"https:\/\/www.der-kraken.de\/index.php\/agb\/#breadcrumb"},"inLanguage":"de","potentialAction":[{"@type":"ReadAction","target":["https:\/\/www.der-kraken.de\/index.php\/agb\/"]}]},{"@type":"ImageObject","inLanguage":"de","@id":"https:\/\/www.der-kraken.de\/index.php\/agb\/#primaryimage","url":"http:\/\/der-kraken.de\/wp-content\/uploads\/elementor\/thumbs\/logo_left-scaled-qi72nh3zky49qxcsl937ys3q5ovwsm3m0iyqqp33p0.jpg","contentUrl":"http:\/\/der-kraken.de\/wp-content\/uploads\/elementor\/thumbs\/logo_left-scaled-qi72nh3zky49qxcsl937ys3q5ovwsm3m0iyqqp33p0.jpg"},{"@type":"BreadcrumbList","@id":"https:\/\/www.der-kraken.de\/index.php\/agb\/#breadcrumb","itemListElement":[{"@type":"ListItem","position":1,"name":"Startseite","item":"https:\/\/www.der-kraken.de\/"},{"@type":"ListItem","position":2,"name":"AGB"}]},{"@type":"WebSite","@id":"https:\/\/www.der-kraken.de\/#website","url":"https:\/\/www.der-kraken.de\/","name":"Der Kraken GmbH","description":"Der Kraken GmbH ist eine Werbeagentur f\u00fcr Design und Kommunikation.","potentialAction":[{"@type":"SearchAction","target":{"@type":"EntryPoint","urlTemplate":"https:\/\/www.der-kraken.de\/?s={search_term_string}"},"query-input":{"@type":"PropertyValueSpecification","valueRequired":true,"valueName":"search_term_string"}}],"inLanguage":"de"}]}},"_links":{"self":[{"href":"https:\/\/www.der-kraken.de\/index.php\/wp-json\/wp\/v2\/pages\/435","targetHints":{"allow":["GET"]}}],"collection":[{"href":"https:\/\/www.der-kraken.de\/index.php\/wp-json\/wp\/v2\/pages"}],"about":[{"href":"https:\/\/www.der-kraken.de\/index.php\/wp-json\/wp\/v2\/types\/page"}],"author":[{"embeddable":true,"href":"https:\/\/www.der-kraken.de\/index.php\/wp-json\/wp\/v2\/users\/2"}],"replies":[{"embeddable":true,"href":"https:\/\/www.der-kraken.de\/index.php\/wp-json\/wp\/v2\/comments?post=435"}],"version-history":[{"count":13,"href":"https:\/\/www.der-kraken.de\/index.php\/wp-json\/wp\/v2\/pages\/435\/revisions"}],"predecessor-version":[{"id":537,"href":"https:\/\/www.der-kraken.de\/index.php\/wp-json\/wp\/v2\/pages\/435\/revisions\/537"}],"wp:attachment":[{"href":"https:\/\/www.der-kraken.de\/index.php\/wp-json\/wp\/v2\/media?parent=435"}],"curies":[{"name":"wp","href":"https:\/\/api.w.org\/{rel}","templated":true}]}}