{"id":202,"date":"2024-01-11T14:28:20","date_gmt":"2024-01-11T13:28:20","guid":{"rendered":"http:\/\/der-kraken.com\/?page_id=202"},"modified":"2024-01-12T10:53:07","modified_gmt":"2024-01-12T09:53:07","slug":"agentur","status":"publish","type":"page","link":"https:\/\/www.der-kraken.de\/index.php\/agentur\/","title":{"rendered":"Agentur"},"content":{"rendered":"\t\t<div data-elementor-type=\"wp-page\" data-elementor-id=\"202\" class=\"elementor elementor-202\" data-elementor-post-type=\"page\">\n\t\t\t\t<div class=\"elementor-element elementor-element-5b57224a e-flex e-con-boxed e-con e-parent\" data-id=\"5b57224a\" data-element_type=\"container\">\n\t\t\t\t\t<div class=\"e-con-inner\">\n\t\t<div class=\"elementor-element elementor-element-336edeac e-con-full e-flex e-con e-child\" data-id=\"336edeac\" data-element_type=\"container\">\n\t\t\t\t<div class=\"elementor-element elementor-element-1ea97dfc elementor-widget elementor-widget-image\" data-id=\"1ea97dfc\" data-element_type=\"widget\" data-widget_type=\"image.default\">\n\t\t\t\t<div class=\"elementor-widget-container\">\n\t\t\t\t\t\t\t\t\t\t\t\t\t\t\t\t<a href=\"https:\/\/www.der-kraken.de\">\n\t\t\t\t\t\t\t<img decoding=\"async\" src=\"https:\/\/www.der-kraken.de\/wp-content\/uploads\/elementor\/thumbs\/logo_left-scaled-qi72nh3zky49qxcsl937ys3q5ovwsm3m0iyqqp33oq.jpg\" title=\"Druck\" alt=\"Druck\" loading=\"lazy\" \/>\t\t\t\t\t\t\t\t<\/a>\n\t\t\t\t\t\t\t\t\t\t\t\t\t\t\t<\/div>\n\t\t\t\t<\/div>\n\t\t\t\t<\/div>\n\t\t<div class=\"elementor-element elementor-element-918265b e-con-full e-flex e-con e-child\" data-id=\"918265b\" data-element_type=\"container\">\n\t\t\t\t<div class=\"elementor-element elementor-element-1588652a elementor-widget elementor-widget-text-editor\" data-id=\"1588652a\" data-element_type=\"widget\" data-widget_type=\"text-editor.default\">\n\t\t\t\t<div class=\"elementor-widget-container\">\n\t\t\t\t\t\t\t\t\t<p><div id=\"mega-menu-wrap-max_mega_menu_1\" class=\"mega-menu-wrap\"><div class=\"mega-menu-toggle\"><div class=\"mega-toggle-blocks-left\"><div class='mega-toggle-block mega-menu-toggle-animated-block mega-toggle-block-1' id='mega-toggle-block-1'><button aria-label=\"Toggle Menu\" class=\"mega-toggle-animated mega-toggle-animated-slider\" type=\"button\" aria-expanded=\"false\">\n                  <span class=\"mega-toggle-animated-box\">\n                    <span class=\"mega-toggle-animated-inner\"><\/span>\n                  <\/span>\n                <\/button><\/div><\/div><div class=\"mega-toggle-blocks-center\"><\/div><div class=\"mega-toggle-blocks-right\"><\/div><\/div><ul id=\"mega-menu-max_mega_menu_1\" class=\"mega-menu max-mega-menu mega-menu-horizontal mega-no-js\" data-event=\"hover_intent\" data-effect=\"fade_up\" data-effect-speed=\"200\" data-effect-mobile=\"disabled\" data-effect-speed-mobile=\"0\" data-mobile-force-width=\"false\" data-second-click=\"go\" data-document-click=\"collapse\" data-vertical-behaviour=\"standard\" data-breakpoint=\"768\" data-unbind=\"true\" data-mobile-state=\"collapse_all\" data-mobile-direction=\"vertical\" data-hover-intent-timeout=\"300\" data-hover-intent-interval=\"100\"><li class=\"mega-menu-item mega-menu-item-type-post_type mega-menu-item-object-page mega-menu-item-home mega-align-bottom-left mega-menu-flyout mega-menu-item-66\" id=\"mega-menu-item-66\"><a class=\"mega-menu-link\" href=\"https:\/\/www.der-kraken.de\/\" tabindex=\"0\">Start<\/a><\/li><li class=\"mega-menu-item mega-menu-item-type-post_type mega-menu-item-object-page mega-align-bottom-left mega-menu-flyout mega-menu-item-208\" id=\"mega-menu-item-208\"><a class=\"mega-menu-link\" href=\"https:\/\/www.der-kraken.de\/index.php\/agentur\/\" tabindex=\"0\">Agentur<\/a><\/li><li class=\"mega-menu-item mega-menu-item-type-post_type mega-menu-item-object-page mega-align-bottom-left mega-menu-flyout mega-menu-item-333\" id=\"mega-menu-item-333\"><a class=\"mega-menu-link\" href=\"https:\/\/www.der-kraken.de\/index.php\/kunden\/\" tabindex=\"0\">Kunden<\/a><\/li><li class=\"mega-menu-item mega-menu-item-type-post_type mega-menu-item-object-page mega-align-bottom-left mega-menu-flyout mega-menu-item-390\" id=\"mega-menu-item-390\"><a class=\"mega-menu-link\" href=\"https:\/\/www.der-kraken.de\/index.php\/arbeiten\/\" tabindex=\"0\">Arbeiten<\/a><\/li><li class=\"mega-menu-item mega-menu-item-type-post_type mega-menu-item-object-page mega-align-bottom-left mega-menu-flyout mega-menu-item-402\" id=\"mega-menu-item-402\"><a class=\"mega-menu-link\" href=\"https:\/\/www.der-kraken.de\/index.php\/kontakt\/\" tabindex=\"0\">Kontakt<\/a><\/li><\/ul><\/div><\/p>\t\t\t\t\t\t\t\t<\/div>\n\t\t\t\t<\/div>\n\t\t\t\t<\/div>\n\t\t\t\t\t<\/div>\n\t\t\t\t<\/div>\n\t\t<div class=\"elementor-element elementor-element-0dd08bc e-flex e-con-boxed e-con e-parent\" data-id=\"0dd08bc\" data-element_type=\"container\">\n\t\t\t\t\t<div class=\"e-con-inner\">\n\t\t<div class=\"elementor-element elementor-element-cd9f86a e-con-full e-flex e-con e-child\" data-id=\"cd9f86a\" data-element_type=\"container\">\n\t\t\t\t<div class=\"elementor-element elementor-element-cdb118f elementor-widget elementor-widget-image\" data-id=\"cdb118f\" data-element_type=\"widget\" data-widget_type=\"image.default\">\n\t\t\t\t<div class=\"elementor-widget-container\">\n\t\t\t\t\t\t\t\t\t\t\t\t\t\t\t<img fetchpriority=\"high\" decoding=\"async\" width=\"585\" height=\"668\" src=\"https:\/\/www.der-kraken.de\/wp-content\/uploads\/2024\/01\/age2.jpg\" class=\"attachment-full size-full wp-image-204\" alt=\"\" srcset=\"https:\/\/www.der-kraken.de\/wp-content\/uploads\/2024\/01\/age2.jpg 585w, https:\/\/www.der-kraken.de\/wp-content\/uploads\/2024\/01\/age2-263x300.jpg 263w\" sizes=\"(max-width: 585px) 100vw, 585px\" \/>\t\t\t\t\t\t\t\t\t\t\t\t\t\t\t<\/div>\n\t\t\t\t<\/div>\n\t\t\t\t<\/div>\n\t\t<div class=\"elementor-element elementor-element-d8c5ad6 e-con-full e-flex e-con e-child\" data-id=\"d8c5ad6\" data-element_type=\"container\">\n\t\t\t\t<div class=\"elementor-element elementor-element-d49d18e elementor-widget elementor-widget-text-editor\" data-id=\"d49d18e\" data-element_type=\"widget\" data-widget_type=\"text-editor.default\">\n\t\t\t\t<div class=\"elementor-widget-container\">\n\t\t\t\t\t\t\t\t\t<h4><span style=\"color: #000000;\">Kraken gelten als intelligent, neugierig, flexibel und anpassungsf\u00e4hig \u2013 g\u00fcnstige Voraussetzungen f\u00fcr gute Gestaltung.<\/span><\/h4><h4><span style=\"color: #000000;\">Gute Gestaltung bedeutet f\u00fcr uns:<\/span><br \/><span style=\"color: #000000;\">Form follows Content. Nach Bedarf gew\u00fcrzt mit einer Portion Humor und Kreativit\u00e4t. Was auch immer zu Ihnen passt.<\/span><\/h4><h4><span style=\"color: #000000;\">Bei der Umsetzung passender Konzepte bewegen wir uns stilsicher zwischen klassischen Print- und digitalen Medien. So betreuen wir Projekte von Anfang bis Ende. Oder fortlaufend \u2013 ein gutes und dauerhaftes Verh\u00e4ltnis zu unseren Kunden liegt uns sehr am Herzen.<\/span><\/h4><h4><span style=\"color: #000000;\">Wir arbeiten f\u00fcr Konzerne, Mittelst\u00e4ndler, Kleinunternehmer, Neugr\u00fcnder, Vereine, Verb\u00e4nde, Institutionen und Agenturen und sind stets offen f\u00fcr neue Herausforderungen.<\/span><\/h4>\t\t\t\t\t\t\t\t<\/div>\n\t\t\t\t<\/div>\n\t\t\t\t<\/div>\n\t\t\t\t\t<\/div>\n\t\t\t\t<\/div>\n\t\t<div class=\"elementor-element elementor-element-d2ed51c elementor-hidden-tablet elementor-hidden-mobile e-flex e-con-boxed e-con e-parent\" data-id=\"d2ed51c\" data-element_type=\"container\">\n\t\t\t\t\t<div class=\"e-con-inner\">\n\t\t\t\t<div class=\"elementor-element elementor-element-80713b7 elementor-widget elementor-widget-spacer\" data-id=\"80713b7\" data-element_type=\"widget\" data-widget_type=\"spacer.default\">\n\t\t\t\t<div class=\"elementor-widget-container\">\n\t\t\t\t\t\t\t<div class=\"elementor-spacer\">\n\t\t\t<div class=\"elementor-spacer-inner\"><\/div>\n\t\t<\/div>\n\t\t\t\t\t\t<\/div>\n\t\t\t\t<\/div>\n\t\t\t\t\t<\/div>\n\t\t\t\t<\/div>\n\t\t<div class=\"elementor-element elementor-element-d5401da e-flex e-con-boxed e-con e-parent\" data-id=\"d5401da\" data-element_type=\"container\">\n\t\t\t\t\t<div class=\"e-con-inner\">\n\t\t<div class=\"elementor-element elementor-element-5784e22 e-con-full e-flex e-con e-child\" data-id=\"5784e22\" data-element_type=\"container\">\n\t\t\t\t<div class=\"elementor-element elementor-element-d5c491f elementor-widget elementor-widget-image\" data-id=\"d5c491f\" data-element_type=\"widget\" data-widget_type=\"image.default\">\n\t\t\t\t<div class=\"elementor-widget-container\">\n\t\t\t\t\t\t\t\t\t\t\t\t\t\t\t<img decoding=\"async\" width=\"504\" height=\"358\" src=\"https:\/\/www.der-kraken.de\/wp-content\/uploads\/2024\/01\/agentur_neu.gif\" class=\"attachment-full size-full wp-image-278\" alt=\"\" \/>\t\t\t\t\t\t\t\t\t\t\t\t\t\t\t<\/div>\n\t\t\t\t<\/div>\n\t\t\t\t<\/div>\n\t\t<div class=\"elementor-element elementor-element-5b5c306 e-con-full e-flex e-con e-child\" data-id=\"5b5c306\" data-element_type=\"container\">\n\t\t\t\t<div class=\"elementor-element elementor-element-1910080 elementor-widget elementor-widget-image-carousel\" data-id=\"1910080\" data-element_type=\"widget\" data-settings=\"{&quot;slides_to_show&quot;:&quot;1&quot;,&quot;navigation&quot;:&quot;none&quot;,&quot;autoplay&quot;:&quot;yes&quot;,&quot;pause_on_hover&quot;:&quot;yes&quot;,&quot;pause_on_interaction&quot;:&quot;yes&quot;,&quot;autoplay_speed&quot;:5000,&quot;infinite&quot;:&quot;yes&quot;,&quot;effect&quot;:&quot;slide&quot;,&quot;speed&quot;:500}\" data-widget_type=\"image-carousel.default\">\n\t\t\t\t<div class=\"elementor-widget-container\">\n\t\t\t\t\t\t\t<div class=\"elementor-image-carousel-wrapper swiper\" role=\"region\" aria-roledescription=\"carousel\" aria-label=\"Bild Karussell\" dir=\"ltr\">\n\t\t\t<div class=\"elementor-image-carousel swiper-wrapper\" aria-live=\"off\">\n\t\t\t\t\t\t\t\t<div class=\"swiper-slide\" role=\"group\" aria-roledescription=\"slide\" aria-label=\"1 von 4\"><figure class=\"swiper-slide-inner\"><img decoding=\"async\" class=\"swiper-slide-image\" src=\"https:\/\/www.der-kraken.de\/wp-content\/uploads\/2024\/01\/02.jpg\" alt=\"02\" \/><\/figure><\/div><div class=\"swiper-slide\" role=\"group\" aria-roledescription=\"slide\" aria-label=\"2 von 4\"><figure class=\"swiper-slide-inner\"><img decoding=\"async\" class=\"swiper-slide-image\" src=\"https:\/\/www.der-kraken.de\/wp-content\/uploads\/2024\/01\/01-1.jpg\" alt=\"01-1\" \/><\/figure><\/div><div class=\"swiper-slide\" role=\"group\" aria-roledescription=\"slide\" aria-label=\"3 von 4\"><figure class=\"swiper-slide-inner\"><img decoding=\"async\" class=\"swiper-slide-image\" src=\"https:\/\/www.der-kraken.de\/wp-content\/uploads\/2024\/01\/04.jpg\" alt=\"04\" \/><\/figure><\/div><div class=\"swiper-slide\" role=\"group\" aria-roledescription=\"slide\" aria-label=\"4 von 4\"><figure class=\"swiper-slide-inner\"><img decoding=\"async\" class=\"swiper-slide-image\" src=\"https:\/\/www.der-kraken.de\/wp-content\/uploads\/2024\/01\/03.jpg\" alt=\"03\" \/><\/figure><\/div>\t\t\t<\/div>\n\t\t\t\t\t\t\t\n\t\t\t\t\t\t\t\t\t<\/div>\n\t\t\t\t\t\t<\/div>\n\t\t\t\t<\/div>\n\t\t\t\t<\/div>\n\t\t\t\t\t<\/div>\n\t\t\t\t<\/div>\n\t\t<div class=\"elementor-element elementor-element-1821c370 e-flex e-con-boxed e-con e-parent\" data-id=\"1821c370\" data-element_type=\"container\">\n\t\t\t\t\t<div class=\"e-con-inner\">\n\t\t<div class=\"elementor-element elementor-element-739a7e70 e-con-full e-flex e-con e-child\" data-id=\"739a7e70\" data-element_type=\"container\">\n\t\t\t\t<div class=\"elementor-element elementor-element-327466d3 elementor-widget elementor-widget-text-editor\" data-id=\"327466d3\" data-element_type=\"widget\" data-widget_type=\"text-editor.default\">\n\t\t\t\t<div class=\"elementor-widget-container\">\n\t\t\t\t\t\t\t\t\t<p><span style=\"color: #000000; font-size: 14pt;\">Schwanenwall 12<\/span><br \/><span style=\"color: #000000; font-size: 14pt;\">44135 Dortmund<\/span><br \/><span style=\"color: #000000; font-size: 14pt;\">Deutschland<\/span><\/p>\t\t\t\t\t\t\t\t<\/div>\n\t\t\t\t<\/div>\n\t\t\t\t<\/div>\n\t\t<div class=\"elementor-element elementor-element-d9f4fd e-con-full e-flex e-con e-child\" data-id=\"d9f4fd\" data-element_type=\"container\">\n\t\t\t\t<div class=\"elementor-element elementor-element-b638f5c elementor-widget__width-initial elementor-widget elementor-widget-text-editor\" data-id=\"b638f5c\" data-element_type=\"widget\" data-widget_type=\"text-editor.default\">\n\t\t\t\t<div class=\"elementor-widget-container\">\n\t\t\t\t\t\t\t\t\t<p><span style=\"color: #000000; font-size: 14pt;\"><br \/><\/span><span style=\"color: #000000; font-size: 14pt;\">+49 (0)231 1775540 0<br \/><\/span><span style=\"color: #000000; font-size: 14pt;\">elektropost@der-kraken.de <\/span><\/p>\t\t\t\t\t\t\t\t<\/div>\n\t\t\t\t<\/div>\n\t\t\t\t<\/div>\n\t\t<div class=\"elementor-element elementor-element-139c869f e-con-full e-flex e-con e-child\" data-id=\"139c869f\" data-element_type=\"container\">\n\t\t\t\t<div class=\"elementor-element elementor-element-53f0fcc1 elementor-widget__width-initial elementor-widget elementor-widget-text-editor\" data-id=\"53f0fcc1\" data-element_type=\"widget\" data-widget_type=\"text-editor.default\">\n\t\t\t\t<div class=\"elementor-widget-container\">\n\t\t\t\t\t\t\t\t\t<p><span style=\"color: #000000; font-size: 14pt;\"><a href=\"http:\/\/der-kraken.de\/index.php\/impressum\/\">Impressum<\/a> <br \/><\/span><span style=\"color: #000000; font-size: 14pt;\"><a href=\"http:\/\/der-kraken.de\/index.php\/agb\/\">AGB<\/a><br \/><\/span><a href=\"http:\/\/der-kraken.de\/index.php\/datenschutzerklaerung\/\"><span style=\"color: #000000; font-size: 14pt;\">Datenschutzerkl\u00e4rung<\/span><\/a><\/p>\t\t\t\t\t\t\t\t<\/div>\n\t\t\t\t<\/div>\n\t\t\t\t<\/div>\n\t\t\t\t\t<\/div>\n\t\t\t\t<\/div>\n\t\t\t\t<\/div>\n\t\t","protected":false},"excerpt":{"rendered":"<p>Kraken gelten als intelligent, neugierig, flexibel und anpassungsf\u00e4hig \u2013 g\u00fcnstige Voraussetzungen f\u00fcr gute Gestaltung. Gute Gestaltung bedeutet f\u00fcr uns:Form follows Content. Nach Bedarf gew\u00fcrzt mit einer Portion Humor und Kreativit\u00e4t. Was auch immer zu Ihnen passt. Bei der Umsetzung passender Konzepte bewegen wir uns stilsicher zwischen klassischen Print- und digitalen Medien. So betreuen wir Projekte&hellip;<\/p>\n","protected":false},"author":2,"featured_media":0,"parent":0,"menu_order":0,"comment_status":"closed","ping_status":"open","template":"","meta":{"footnotes":""},"class_list":["post-202","page","type-page","status-publish","hentry"],"yoast_head":"<!-- This site is optimized with the Yoast SEO plugin v26.1.1 - https:\/\/yoast.com\/wordpress\/plugins\/seo\/ -->\n<title>Agentur - Der Kraken GmbH<\/title>\n<meta name=\"robots\" content=\"index, follow, max-snippet:-1, max-image-preview:large, max-video-preview:-1\" \/>\n<link rel=\"canonical\" href=\"https:\/\/www.der-kraken.de\/index.php\/agentur\/\" \/>\n<meta property=\"og:locale\" content=\"de_DE\" \/>\n<meta property=\"og:type\" content=\"article\" \/>\n<meta property=\"og:title\" content=\"Agentur - Der Kraken GmbH\" \/>\n<meta property=\"og:description\" content=\"Kraken gelten als intelligent, neugierig, flexibel und anpassungsf\u00e4hig \u2013 g\u00fcnstige Voraussetzungen f\u00fcr gute Gestaltung. Gute Gestaltung bedeutet f\u00fcr uns:Form follows Content. Nach Bedarf gew\u00fcrzt mit einer Portion Humor und Kreativit\u00e4t. Was auch immer zu Ihnen passt. Bei der Umsetzung passender Konzepte bewegen wir uns stilsicher zwischen klassischen Print- und digitalen Medien. So betreuen wir Projekte&hellip;\" \/>\n<meta property=\"og:url\" content=\"https:\/\/www.der-kraken.de\/index.php\/agentur\/\" \/>\n<meta property=\"og:site_name\" content=\"Der Kraken GmbH\" \/>\n<meta property=\"article:modified_time\" content=\"2024-01-12T09:53:07+00:00\" \/>\n<meta property=\"og:image\" content=\"http:\/\/der-kraken.de\/wp-content\/uploads\/elementor\/thumbs\/logo_left-scaled-qi72nh3zky49qxcsl937ys3q5ovwsm3m0iyqqp33p0.jpg\" \/>\n<meta name=\"twitter:card\" content=\"summary_large_image\" \/>\n<meta name=\"twitter:label1\" content=\"Gesch\u00e4tzte Lesezeit\" \/>\n\t<meta name=\"twitter:data1\" content=\"1\u00a0Minute\" \/>\n<script type=\"application\/ld+json\" class=\"yoast-schema-graph\">{\"@context\":\"https:\/\/schema.org\",\"@graph\":[{\"@type\":\"WebPage\",\"@id\":\"https:\/\/www.der-kraken.de\/index.php\/agentur\/\",\"url\":\"https:\/\/www.der-kraken.de\/index.php\/agentur\/\",\"name\":\"Agentur - Der Kraken GmbH\",\"isPartOf\":{\"@id\":\"https:\/\/www.der-kraken.de\/#website\"},\"primaryImageOfPage\":{\"@id\":\"https:\/\/www.der-kraken.de\/index.php\/agentur\/#primaryimage\"},\"image\":{\"@id\":\"https:\/\/www.der-kraken.de\/index.php\/agentur\/#primaryimage\"},\"thumbnailUrl\":\"http:\/\/der-kraken.de\/wp-content\/uploads\/elementor\/thumbs\/logo_left-scaled-qi72nh3zky49qxcsl937ys3q5ovwsm3m0iyqqp33p0.jpg\",\"datePublished\":\"2024-01-11T13:28:20+00:00\",\"dateModified\":\"2024-01-12T09:53:07+00:00\",\"breadcrumb\":{\"@id\":\"https:\/\/www.der-kraken.de\/index.php\/agentur\/#breadcrumb\"},\"inLanguage\":\"de\",\"potentialAction\":[{\"@type\":\"ReadAction\",\"target\":[\"https:\/\/www.der-kraken.de\/index.php\/agentur\/\"]}]},{\"@type\":\"ImageObject\",\"inLanguage\":\"de\",\"@id\":\"https:\/\/www.der-kraken.de\/index.php\/agentur\/#primaryimage\",\"url\":\"http:\/\/der-kraken.de\/wp-content\/uploads\/elementor\/thumbs\/logo_left-scaled-qi72nh3zky49qxcsl937ys3q5ovwsm3m0iyqqp33p0.jpg\",\"contentUrl\":\"http:\/\/der-kraken.de\/wp-content\/uploads\/elementor\/thumbs\/logo_left-scaled-qi72nh3zky49qxcsl937ys3q5ovwsm3m0iyqqp33p0.jpg\"},{\"@type\":\"BreadcrumbList\",\"@id\":\"https:\/\/www.der-kraken.de\/index.php\/agentur\/#breadcrumb\",\"itemListElement\":[{\"@type\":\"ListItem\",\"position\":1,\"name\":\"Startseite\",\"item\":\"https:\/\/www.der-kraken.de\/\"},{\"@type\":\"ListItem\",\"position\":2,\"name\":\"Agentur\"}]},{\"@type\":\"WebSite\",\"@id\":\"https:\/\/www.der-kraken.de\/#website\",\"url\":\"https:\/\/www.der-kraken.de\/\",\"name\":\"Der Kraken GmbH\",\"description\":\"Der Kraken GmbH ist eine Werbeagentur f\u00fcr Design und Kommunikation.\",\"potentialAction\":[{\"@type\":\"SearchAction\",\"target\":{\"@type\":\"EntryPoint\",\"urlTemplate\":\"https:\/\/www.der-kraken.de\/?s={search_term_string}\"},\"query-input\":{\"@type\":\"PropertyValueSpecification\",\"valueRequired\":true,\"valueName\":\"search_term_string\"}}],\"inLanguage\":\"de\"}]}<\/script>\n<!-- \/ Yoast SEO plugin. -->","yoast_head_json":{"title":"Agentur - Der Kraken GmbH","robots":{"index":"index","follow":"follow","max-snippet":"max-snippet:-1","max-image-preview":"max-image-preview:large","max-video-preview":"max-video-preview:-1"},"canonical":"https:\/\/www.der-kraken.de\/index.php\/agentur\/","og_locale":"de_DE","og_type":"article","og_title":"Agentur - Der Kraken GmbH","og_description":"Kraken gelten als intelligent, neugierig, flexibel und anpassungsf\u00e4hig \u2013 g\u00fcnstige Voraussetzungen f\u00fcr gute Gestaltung. Gute Gestaltung bedeutet f\u00fcr uns:Form follows Content. Nach Bedarf gew\u00fcrzt mit einer Portion Humor und Kreativit\u00e4t. Was auch immer zu Ihnen passt. Bei der Umsetzung passender Konzepte bewegen wir uns stilsicher zwischen klassischen Print- und digitalen Medien. So betreuen wir Projekte&hellip;","og_url":"https:\/\/www.der-kraken.de\/index.php\/agentur\/","og_site_name":"Der Kraken GmbH","article_modified_time":"2024-01-12T09:53:07+00:00","og_image":[{"url":"http:\/\/der-kraken.de\/wp-content\/uploads\/elementor\/thumbs\/logo_left-scaled-qi72nh3zky49qxcsl937ys3q5ovwsm3m0iyqqp33p0.jpg","type":"","width":"","height":""}],"twitter_card":"summary_large_image","twitter_misc":{"Gesch\u00e4tzte Lesezeit":"1\u00a0Minute"},"schema":{"@context":"https:\/\/schema.org","@graph":[{"@type":"WebPage","@id":"https:\/\/www.der-kraken.de\/index.php\/agentur\/","url":"https:\/\/www.der-kraken.de\/index.php\/agentur\/","name":"Agentur - Der Kraken GmbH","isPartOf":{"@id":"https:\/\/www.der-kraken.de\/#website"},"primaryImageOfPage":{"@id":"https:\/\/www.der-kraken.de\/index.php\/agentur\/#primaryimage"},"image":{"@id":"https:\/\/www.der-kraken.de\/index.php\/agentur\/#primaryimage"},"thumbnailUrl":"http:\/\/der-kraken.de\/wp-content\/uploads\/elementor\/thumbs\/logo_left-scaled-qi72nh3zky49qxcsl937ys3q5ovwsm3m0iyqqp33p0.jpg","datePublished":"2024-01-11T13:28:20+00:00","dateModified":"2024-01-12T09:53:07+00:00","breadcrumb":{"@id":"https:\/\/www.der-kraken.de\/index.php\/agentur\/#breadcrumb"},"inLanguage":"de","potentialAction":[{"@type":"ReadAction","target":["https:\/\/www.der-kraken.de\/index.php\/agentur\/"]}]},{"@type":"ImageObject","inLanguage":"de","@id":"https:\/\/www.der-kraken.de\/index.php\/agentur\/#primaryimage","url":"http:\/\/der-kraken.de\/wp-content\/uploads\/elementor\/thumbs\/logo_left-scaled-qi72nh3zky49qxcsl937ys3q5ovwsm3m0iyqqp33p0.jpg","contentUrl":"http:\/\/der-kraken.de\/wp-content\/uploads\/elementor\/thumbs\/logo_left-scaled-qi72nh3zky49qxcsl937ys3q5ovwsm3m0iyqqp33p0.jpg"},{"@type":"BreadcrumbList","@id":"https:\/\/www.der-kraken.de\/index.php\/agentur\/#breadcrumb","itemListElement":[{"@type":"ListItem","position":1,"name":"Startseite","item":"https:\/\/www.der-kraken.de\/"},{"@type":"ListItem","position":2,"name":"Agentur"}]},{"@type":"WebSite","@id":"https:\/\/www.der-kraken.de\/#website","url":"https:\/\/www.der-kraken.de\/","name":"Der Kraken GmbH","description":"Der Kraken GmbH ist eine Werbeagentur f\u00fcr Design und Kommunikation.","potentialAction":[{"@type":"SearchAction","target":{"@type":"EntryPoint","urlTemplate":"https:\/\/www.der-kraken.de\/?s={search_term_string}"},"query-input":{"@type":"PropertyValueSpecification","valueRequired":true,"valueName":"search_term_string"}}],"inLanguage":"de"}]}},"_links":{"self":[{"href":"https:\/\/www.der-kraken.de\/index.php\/wp-json\/wp\/v2\/pages\/202","targetHints":{"allow":["GET"]}}],"collection":[{"href":"https:\/\/www.der-kraken.de\/index.php\/wp-json\/wp\/v2\/pages"}],"about":[{"href":"https:\/\/www.der-kraken.de\/index.php\/wp-json\/wp\/v2\/types\/page"}],"author":[{"embeddable":true,"href":"https:\/\/www.der-kraken.de\/index.php\/wp-json\/wp\/v2\/users\/2"}],"replies":[{"embeddable":true,"href":"https:\/\/www.der-kraken.de\/index.php\/wp-json\/wp\/v2\/comments?post=202"}],"version-history":[{"count":88,"href":"https:\/\/www.der-kraken.de\/index.php\/wp-json\/wp\/v2\/pages\/202\/revisions"}],"predecessor-version":[{"id":514,"href":"https:\/\/www.der-kraken.de\/index.php\/wp-json\/wp\/v2\/pages\/202\/revisions\/514"}],"wp:attachment":[{"href":"https:\/\/www.der-kraken.de\/index.php\/wp-json\/wp\/v2\/media?parent=202"}],"curies":[{"name":"wp","href":"https:\/\/api.w.org\/{rel}","templated":true}]}}